{"id":2,"date":"2026-02-07T12:05:07","date_gmt":"2026-02-07T12:05:07","guid":{"rendered":"https:\/\/gocare.ro\/club_de_lectura\/?page_id=2"},"modified":"2026-04-03T15:19:50","modified_gmt":"2026-04-03T15:19:50","slug":"sample-page","status":"publish","type":"page","link":"https:\/\/gocare.ro\/club_de_lectura\/","title":{"rendered":"BINE A\u021aI VENIT !"},"content":{"rendered":"\t\t<div data-elementor-type=\"wp-page\" data-elementor-id=\"2\" class=\"elementor elementor-2\">\n\t\t\t\t<div class=\"elementor-element elementor-element-613f375e e-flex e-con-boxed e-con e-parent\" data-id=\"613f375e\" data-element_type=\"container\" data-e-type=\"container\">\n\t\t\t\t\t<div class=\"e-con-inner\">\n\t\t\t\t<div class=\"elementor-element elementor-element-58abf32f elementor-widget elementor-widget-text-editor\" data-id=\"58abf32f\" data-element_type=\"widget\" data-e-type=\"widget\" data-widget_type=\"text-editor.default\">\n\t\t\t\t\t\t\t\t\t\n<figure class=\"wp-block-image size-large is-resized\"><img fetchpriority=\"high\" decoding=\"async\" width=\"1024\" height=\"683\" class=\"wp-image-45\" style=\"width: 231px; height: auto;\" src=\"https:\/\/gocare.ro\/club_de_lectura\/wp-content\/uploads\/2026\/02\/WhatsApp-Image-2026-01-29-at-10.30.22-1024x683.jpeg\" alt=\"\" srcset=\"https:\/\/gocare.ro\/club_de_lectura\/wp-content\/uploads\/2026\/02\/WhatsApp-Image-2026-01-29-at-10.30.22-1024x683.jpeg 1024w, https:\/\/gocare.ro\/club_de_lectura\/wp-content\/uploads\/2026\/02\/WhatsApp-Image-2026-01-29-at-10.30.22-300x200.jpeg 300w, https:\/\/gocare.ro\/club_de_lectura\/wp-content\/uploads\/2026\/02\/WhatsApp-Image-2026-01-29-at-10.30.22-768x512.jpeg 768w, https:\/\/gocare.ro\/club_de_lectura\/wp-content\/uploads\/2026\/02\/WhatsApp-Image-2026-01-29-at-10.30.22.jpeg 1536w\" sizes=\"(max-width: 1024px) 100vw, 1024px\" \/><\/figure>\n<details class=\"wp-block-details is-layout-flow wp-block-details-is-layout-flow\">\n<summary>Suntem un grup de cititori pasiona\u021bi care \u00ee\u0219i dore\u015fte \u00eent\u00e2lniri fa\u021b\u0103-\u00een-fa\u021b\u0103, \u00eentr-un spa\u021biu confortabil \u2014 pentru conversa\u021bii pl\u0103cute, o pauz\u0103 relaxant\u0103 la ceai dup\u0103 o zi de munc\u0103 \u0219i discu\u021bii autentice despre c\u0103r\u021bi.<br \/>Alegem \u00eempreun\u0103 titlurile, \u00eemp\u0103rt\u0103\u0219im idei, perspective \u0219i experien\u021be personale, construind conexiuni reale \u00eentre oameni cu interese comune.<br \/>Ne \u00eent\u00e2lnim o dat\u0103 pe lun\u0103, \u00een ultima zi de joi, spre sear\u0103, \u00eentr-o atmosfer\u0103 relaxat\u0103 \u0219i prietenoas\u0103.<br \/>.<\/summary>\n\n<p>\u00a0<\/p>\n<\/details>\n<div class=\"schema-faq wp-block-yoast-faq-block\">\n<div id=\"faq-question-1770469280503\" class=\"schema-faq-section\">\n<p class=\"schema-faq-answer\">Ne pute\u021bi oferi o p\u0103rere?<\/p>\n<\/div>\n<div id=\"faq-question-1770469867513\" class=\"schema-faq-section\">\n<p class=\"schema-faq-answer\">\u00a0<\/p>\n<\/div>\n<\/div>\n<div class=\"wpcf7 no-js\" id=\"wpcf7-f5-o1\" lang=\"ro-RO\" dir=\"ltr\" data-wpcf7-id=\"5\">\n<div class=\"screen-reader-response\">\n<p role=\"status\" aria-live=\"polite\" aria-atomic=\"true\">\n<ul><\/ul>\n<\/div>\n<form action=\"\/club_de_lectura\/index.php\/wp-json\/wp\/v2\/pages\/2#wpcf7-f5-o1\" method=\"post\" class=\"wpcf7-form init\" aria-label=\"Formular de contact\" novalidate=\"novalidate\" data-status=\"init\">\n<fieldset class=\"hidden-fields-container\"><input type=\"hidden\" name=\"_wpcf7\" value=\"5\" \/><input type=\"hidden\" name=\"_wpcf7_version\" value=\"6.1.5\" \/><input type=\"hidden\" name=\"_wpcf7_locale\" value=\"ro_RO\" \/><input type=\"hidden\" name=\"_wpcf7_unit_tag\" value=\"wpcf7-f5-o1\" \/><input type=\"hidden\" name=\"_wpcf7_container_post\" value=\"0\" \/><input type=\"hidden\" name=\"_wpcf7_posted_data_hash\" value=\"\" \/><br \/>\n<\/fieldset>\n<p><label> Numele t\u0103u<br \/>\n<span class=\"wpcf7-form-control-wrap\" data-name=\"your-name\"><input size=\"40\" maxlength=\"400\" class=\"wpcf7-form-control wpcf7-text wpcf7-validates-as-required\" autocomplete=\"name\" aria-required=\"true\" aria-invalid=\"false\" value=\"\" type=\"text\" name=\"your-name\" \/><\/span> <\/label>\n<\/p>\n<p><label> Adresa ta de email<br \/>\n<span class=\"wpcf7-form-control-wrap\" data-name=\"your-email\"><input size=\"40\" maxlength=\"400\" class=\"wpcf7-form-control wpcf7-email wpcf7-validates-as-required wpcf7-text wpcf7-validates-as-email\" autocomplete=\"email\" aria-required=\"true\" aria-invalid=\"false\" value=\"\" type=\"email\" name=\"your-email\" \/><\/span> <\/label>\n<\/p>\n<p><label> Subiect<br \/>\n<span class=\"wpcf7-form-control-wrap\" data-name=\"your-subject\"><input size=\"40\" maxlength=\"400\" class=\"wpcf7-form-control wpcf7-text wpcf7-validates-as-required\" aria-required=\"true\" aria-invalid=\"false\" value=\"\" type=\"text\" name=\"your-subject\" \/><\/span> <\/label>\n<\/p>\n<p><label> Mesajul t\u0103u (op\u021bional)<br \/>\n<span class=\"wpcf7-form-control-wrap\" data-name=\"your-message\"><textarea cols=\"40\" rows=\"10\" maxlength=\"2000\" class=\"wpcf7-form-control wpcf7-textarea\" aria-invalid=\"false\" name=\"your-message\"><\/textarea><\/span> <\/label>\n<\/p>\n<p><input class=\"wpcf7-form-control wpcf7-submit has-spinner\" type=\"submit\" value=\"Trimite\" \/>\n<\/p>\n<p style=\"display: none !important;\" class=\"akismet-fields-container\" data-prefix=\"_wpcf7_ak_\"><label>&#916;<textarea name=\"_wpcf7_ak_hp_textarea\" cols=\"45\" rows=\"8\" maxlength=\"100\"><\/textarea><\/label><input type=\"hidden\" id=\"ak_js_1\" name=\"_wpcf7_ak_js\" value=\"113\"\/><script>document.getElementById( \"ak_js_1\" ).setAttribute( \"value\", ( new Date() ).getTime() );<\/script><\/p>\n<div class=\"wpcf7-response-output\" aria-hidden=\"true\"><\/div>\n<\/form>\n<\/div>\n\n<p>\u00a0<\/p>\n\n<p class=\"is-layout-flex wp-block-social-links-is-layout-flex\">\u00a0<\/p>\n\n<p class=\"is-layout-flex wp-block-social-links-is-layout-flex\">\u00a0<\/p>\n\n<p class=\"is-layout-flex wp-block-social-links-is-layout-flex\">\u00a0<\/p>\n\n<p class=\"is-layout-flex wp-block-social-links-is-layout-flex\">\u00a0<\/p>\n\n<p>\u00a0<\/p>\n\t\t\t\t\t\t\t\t<\/div>\n\t\t\t\t\t<\/div>\n\t\t\t\t<\/div>\n\t\t\t\t<\/div>\n\t\t","protected":false},"excerpt":{"rendered":"<p>\u00a0 \u00a0<\/p>\n","protected":false},"author":1,"featured_media":0,"parent":0,"menu_order":0,"comment_status":"closed","ping_status":"closed","template":"","meta":{"_eb_attr":"","footnotes":""},"class_list":["post-2","page","type-page","status-publish","hentry"],"yoast_head":"<!-- This site is optimized with the Yoast SEO plugin v27.4 - https:\/\/yoast.com\/product\/yoast-seo-wordpress\/ -->\n<title>BINE A\u021aI VENIT ! - CLUBUL DE LECTUR\u0102 \u0218I CULTUR\u0102 PA\u0218CANI<\/title>\n<meta name=\"description\" content=\"CLUBUL DE LECTUR\u0102 \u0218I CULTUR\u0102 PA\u0218CANI\" \/>\n<meta name=\"robots\" content=\"index, follow, max-image-preview:large, max-video-preview:-1, nosnippet\" \/>\n<link rel=\"canonical\" href=\"https:\/\/gocare.ro\/club_de_lectura\/\" \/>\n<meta property=\"og:locale\" content=\"ro_RO\" \/>\n<meta property=\"og:type\" content=\"article\" \/>\n<meta property=\"og:title\" content=\"BINE A\u021aI VENIT ! - CLUBUL DE LECTUR\u0102 \u0218I CULTUR\u0102 PA\u0218CANI\" \/>\n<meta property=\"og:description\" content=\"CLUBUL DE LECTUR\u0102 \u0218I CULTUR\u0102 PA\u0218CANI\" \/>\n<meta property=\"og:url\" content=\"https:\/\/gocare.ro\/club_de_lectura\/\" \/>\n<meta property=\"og:site_name\" content=\"CLUBUL DE LECTUR\u0102 \u0218I CULTUR\u0102 PA\u0218CANI\" \/>\n<meta property=\"article:publisher\" content=\"https:\/\/www.facebook.com\/profile.php?id=61587124157429\" \/>\n<meta property=\"article:modified_time\" content=\"2026-04-03T15:19:50+00:00\" \/>\n<meta property=\"og:image\" content=\"https:\/\/gocare.ro\/club_de_lectura\/wp-content\/uploads\/2026\/02\/WhatsApp-Image-2026-01-29-at-10.30.22-1024x683.jpeg\" \/>\n<meta name=\"twitter:card\" content=\"summary_large_image\" \/>\n<meta name=\"twitter:label1\" content=\"Timp estimat pentru citire\" \/>\n\t<meta name=\"twitter:data1\" content=\"1 minut\" \/>\n<script type=\"application\/ld+json\" class=\"yoast-schema-graph\">{\"@context\":\"https:\\\/\\\/schema.org\",\"@graph\":[{\"@type\":[\"WebPage\",\"FAQPage\"],\"@id\":\"https:\\\/\\\/gocare.ro\\\/club_de_lectura\\\/\",\"url\":\"https:\\\/\\\/gocare.ro\\\/club_de_lectura\\\/\",\"name\":\"BINE A\u021aI VENIT ! - CLUBUL DE LECTUR\u0102 \u0218I CULTUR\u0102 PA\u0218CANI\",\"isPartOf\":{\"@id\":\"https:\\\/\\\/gocare.ro\\\/club_de_lectura\\\/#website\"},\"primaryImageOfPage\":{\"@id\":\"https:\\\/\\\/gocare.ro\\\/club_de_lectura\\\/#primaryimage\"},\"image\":{\"@id\":\"https:\\\/\\\/gocare.ro\\\/club_de_lectura\\\/#primaryimage\"},\"thumbnailUrl\":\"https:\\\/\\\/gocare.ro\\\/club_de_lectura\\\/wp-content\\\/uploads\\\/2026\\\/02\\\/WhatsApp-Image-2026-01-29-at-10.30.22-1024x683.jpeg\",\"datePublished\":\"2026-02-07T12:05:07+00:00\",\"dateModified\":\"2026-04-03T15:19:50+00:00\",\"description\":\"CLUBUL DE LECTUR\u0102 \u0218I CULTUR\u0102 PA\u0218CANI\",\"breadcrumb\":{\"@id\":\"https:\\\/\\\/gocare.ro\\\/club_de_lectura\\\/#breadcrumb\"},\"mainEntity\":[{\"@id\":\"https:\\\/\\\/gocare.ro\\\/club_de_lectura\\\/#faq-question-1770469280503\"}],\"inLanguage\":\"ro-RO\",\"potentialAction\":[{\"@type\":\"ReadAction\",\"target\":[\"https:\\\/\\\/gocare.ro\\\/club_de_lectura\\\/\"]}]},{\"@type\":\"ImageObject\",\"inLanguage\":\"ro-RO\",\"@id\":\"https:\\\/\\\/gocare.ro\\\/club_de_lectura\\\/#primaryimage\",\"url\":\"https:\\\/\\\/gocare.ro\\\/club_de_lectura\\\/wp-content\\\/uploads\\\/2026\\\/02\\\/WhatsApp-Image-2026-01-29-at-10.30.22.jpeg\",\"contentUrl\":\"https:\\\/\\\/gocare.ro\\\/club_de_lectura\\\/wp-content\\\/uploads\\\/2026\\\/02\\\/WhatsApp-Image-2026-01-29-at-10.30.22.jpeg\",\"width\":1536,\"height\":1024},{\"@type\":\"BreadcrumbList\",\"@id\":\"https:\\\/\\\/gocare.ro\\\/club_de_lectura\\\/#breadcrumb\",\"itemListElement\":[{\"@type\":\"ListItem\",\"position\":1,\"name\":\"Prima pagin\u0103\",\"item\":\"https:\\\/\\\/gocare.ro\\\/club_de_lectura\\\/\"},{\"@type\":\"ListItem\",\"position\":2,\"name\":\"BINE A\u021aI VENIT !\"}]},{\"@type\":\"WebSite\",\"@id\":\"https:\\\/\\\/gocare.ro\\\/club_de_lectura\\\/#website\",\"url\":\"https:\\\/\\\/gocare.ro\\\/club_de_lectura\\\/\",\"name\":\"CLUBUL DE LECTUR\u0102 PA\u0218CANI\",\"description\":\"PENTRU C\u0102 FIECARE CARTE E O VIA\u021a\u0102 PE CARE O \u00ceMPRUMU\u021aI !\",\"publisher\":{\"@id\":\"https:\\\/\\\/gocare.ro\\\/club_de_lectura\\\/#organization\"},\"potentialAction\":[{\"@type\":\"SearchAction\",\"target\":{\"@type\":\"EntryPoint\",\"urlTemplate\":\"https:\\\/\\\/gocare.ro\\\/club_de_lectura\\\/?s={search_term_string}\"},\"query-input\":{\"@type\":\"PropertyValueSpecification\",\"valueRequired\":true,\"valueName\":\"search_term_string\"}}],\"inLanguage\":\"ro-RO\"},{\"@type\":\"Organization\",\"@id\":\"https:\\\/\\\/gocare.ro\\\/club_de_lectura\\\/#organization\",\"name\":\"ASOCIA\u021aIA GO CARE ROM\u00c2NIA\",\"url\":\"https:\\\/\\\/gocare.ro\\\/club_de_lectura\\\/\",\"logo\":{\"@type\":\"ImageObject\",\"inLanguage\":\"ro-RO\",\"@id\":\"https:\\\/\\\/gocare.ro\\\/club_de_lectura\\\/#\\\/schema\\\/logo\\\/image\\\/\",\"url\":\"https:\\\/\\\/gocare.ro\\\/club_de_lectura\\\/wp-content\\\/uploads\\\/2026\\\/02\\\/GARDA.png\",\"contentUrl\":\"https:\\\/\\\/gocare.ro\\\/club_de_lectura\\\/wp-content\\\/uploads\\\/2026\\\/02\\\/GARDA.png\",\"width\":553,\"height\":519,\"caption\":\"ASOCIA\u021aIA GO CARE ROM\u00c2NIA\"},\"image\":{\"@id\":\"https:\\\/\\\/gocare.ro\\\/club_de_lectura\\\/#\\\/schema\\\/logo\\\/image\\\/\"},\"sameAs\":[\"https:\\\/\\\/www.facebook.com\\\/profile.php?id=61587124157429\"]},{\"@type\":\"Question\",\"@id\":\"https:\\\/\\\/gocare.ro\\\/club_de_lectura\\\/#faq-question-1770469280503\",\"position\":1,\"url\":\"https:\\\/\\\/gocare.ro\\\/club_de_lectura\\\/#faq-question-1770469280503\",\"name\":\"\",\"answerCount\":1,\"acceptedAnswer\":{\"@type\":\"Answer\",\"text\":\"Ne pute\u021bi oferi o p\u0103rere?\",\"inLanguage\":\"ro-RO\"},\"inLanguage\":\"ro-RO\"}]}<\/script>\n<!-- \/ Yoast SEO plugin. -->","yoast_head_json":{"title":"BINE A\u021aI VENIT ! - CLUBUL DE LECTUR\u0102 \u0218I CULTUR\u0102 PA\u0218CANI","description":"CLUBUL DE LECTUR\u0102 \u0218I CULTUR\u0102 PA\u0218CANI","robots":{"index":"index","follow":"follow","max-image-preview":"max-image-preview:large","max-video-preview":"max-video-preview:-1","snippet":"nosnippet"},"canonical":"https:\/\/gocare.ro\/club_de_lectura\/","og_locale":"ro_RO","og_type":"article","og_title":"BINE A\u021aI VENIT ! - CLUBUL DE LECTUR\u0102 \u0218I CULTUR\u0102 PA\u0218CANI","og_description":"CLUBUL DE LECTUR\u0102 \u0218I CULTUR\u0102 PA\u0218CANI","og_url":"https:\/\/gocare.ro\/club_de_lectura\/","og_site_name":"CLUBUL DE LECTUR\u0102 \u0218I CULTUR\u0102 PA\u0218CANI","article_publisher":"https:\/\/www.facebook.com\/profile.php?id=61587124157429","article_modified_time":"2026-04-03T15:19:50+00:00","og_image":[{"url":"https:\/\/gocare.ro\/club_de_lectura\/wp-content\/uploads\/2026\/02\/WhatsApp-Image-2026-01-29-at-10.30.22-1024x683.jpeg","type":"","width":"","height":""}],"twitter_card":"summary_large_image","twitter_misc":{"Timp estimat pentru citire":"1 minut"},"schema":{"@context":"https:\/\/schema.org","@graph":[{"@type":["WebPage","FAQPage"],"@id":"https:\/\/gocare.ro\/club_de_lectura\/","url":"https:\/\/gocare.ro\/club_de_lectura\/","name":"BINE A\u021aI VENIT ! - CLUBUL DE LECTUR\u0102 \u0218I CULTUR\u0102 PA\u0218CANI","isPartOf":{"@id":"https:\/\/gocare.ro\/club_de_lectura\/#website"},"primaryImageOfPage":{"@id":"https:\/\/gocare.ro\/club_de_lectura\/#primaryimage"},"image":{"@id":"https:\/\/gocare.ro\/club_de_lectura\/#primaryimage"},"thumbnailUrl":"https:\/\/gocare.ro\/club_de_lectura\/wp-content\/uploads\/2026\/02\/WhatsApp-Image-2026-01-29-at-10.30.22-1024x683.jpeg","datePublished":"2026-02-07T12:05:07+00:00","dateModified":"2026-04-03T15:19:50+00:00","description":"CLUBUL DE LECTUR\u0102 \u0218I CULTUR\u0102 PA\u0218CANI","breadcrumb":{"@id":"https:\/\/gocare.ro\/club_de_lectura\/#breadcrumb"},"mainEntity":[{"@id":"https:\/\/gocare.ro\/club_de_lectura\/#faq-question-1770469280503"}],"inLanguage":"ro-RO","potentialAction":[{"@type":"ReadAction","target":["https:\/\/gocare.ro\/club_de_lectura\/"]}]},{"@type":"ImageObject","inLanguage":"ro-RO","@id":"https:\/\/gocare.ro\/club_de_lectura\/#primaryimage","url":"https:\/\/gocare.ro\/club_de_lectura\/wp-content\/uploads\/2026\/02\/WhatsApp-Image-2026-01-29-at-10.30.22.jpeg","contentUrl":"https:\/\/gocare.ro\/club_de_lectura\/wp-content\/uploads\/2026\/02\/WhatsApp-Image-2026-01-29-at-10.30.22.jpeg","width":1536,"height":1024},{"@type":"BreadcrumbList","@id":"https:\/\/gocare.ro\/club_de_lectura\/#breadcrumb","itemListElement":[{"@type":"ListItem","position":1,"name":"Prima pagin\u0103","item":"https:\/\/gocare.ro\/club_de_lectura\/"},{"@type":"ListItem","position":2,"name":"BINE A\u021aI VENIT !"}]},{"@type":"WebSite","@id":"https:\/\/gocare.ro\/club_de_lectura\/#website","url":"https:\/\/gocare.ro\/club_de_lectura\/","name":"CLUBUL DE LECTUR\u0102 PA\u0218CANI","description":"PENTRU C\u0102 FIECARE CARTE E O VIA\u021a\u0102 PE CARE O \u00ceMPRUMU\u021aI !","publisher":{"@id":"https:\/\/gocare.ro\/club_de_lectura\/#organization"},"potentialAction":[{"@type":"SearchAction","target":{"@type":"EntryPoint","urlTemplate":"https:\/\/gocare.ro\/club_de_lectura\/?s={search_term_string}"},"query-input":{"@type":"PropertyValueSpecification","valueRequired":true,"valueName":"search_term_string"}}],"inLanguage":"ro-RO"},{"@type":"Organization","@id":"https:\/\/gocare.ro\/club_de_lectura\/#organization","name":"ASOCIA\u021aIA GO CARE ROM\u00c2NIA","url":"https:\/\/gocare.ro\/club_de_lectura\/","logo":{"@type":"ImageObject","inLanguage":"ro-RO","@id":"https:\/\/gocare.ro\/club_de_lectura\/#\/schema\/logo\/image\/","url":"https:\/\/gocare.ro\/club_de_lectura\/wp-content\/uploads\/2026\/02\/GARDA.png","contentUrl":"https:\/\/gocare.ro\/club_de_lectura\/wp-content\/uploads\/2026\/02\/GARDA.png","width":553,"height":519,"caption":"ASOCIA\u021aIA GO CARE ROM\u00c2NIA"},"image":{"@id":"https:\/\/gocare.ro\/club_de_lectura\/#\/schema\/logo\/image\/"},"sameAs":["https:\/\/www.facebook.com\/profile.php?id=61587124157429"]},{"@type":"Question","@id":"https:\/\/gocare.ro\/club_de_lectura\/#faq-question-1770469280503","position":1,"url":"https:\/\/gocare.ro\/club_de_lectura\/#faq-question-1770469280503","name":"","answerCount":1,"acceptedAnswer":{"@type":"Answer","text":"Ne pute\u021bi oferi o p\u0103rere?","inLanguage":"ro-RO"},"inLanguage":"ro-RO"}]}},"_links":{"self":[{"href":"https:\/\/gocare.ro\/club_de_lectura\/index.php\/wp-json\/wp\/v2\/pages\/2","targetHints":{"allow":["GET"]}}],"collection":[{"href":"https:\/\/gocare.ro\/club_de_lectura\/index.php\/wp-json\/wp\/v2\/pages"}],"about":[{"href":"https:\/\/gocare.ro\/club_de_lectura\/index.php\/wp-json\/wp\/v2\/types\/page"}],"author":[{"embeddable":true,"href":"https:\/\/gocare.ro\/club_de_lectura\/index.php\/wp-json\/wp\/v2\/users\/1"}],"replies":[{"embeddable":true,"href":"https:\/\/gocare.ro\/club_de_lectura\/index.php\/wp-json\/wp\/v2\/comments?post=2"}],"version-history":[{"count":16,"href":"https:\/\/gocare.ro\/club_de_lectura\/index.php\/wp-json\/wp\/v2\/pages\/2\/revisions"}],"predecessor-version":[{"id":153,"href":"https:\/\/gocare.ro\/club_de_lectura\/index.php\/wp-json\/wp\/v2\/pages\/2\/revisions\/153"}],"wp:attachment":[{"href":"https:\/\/gocare.ro\/club_de_lectura\/index.php\/wp-json\/wp\/v2\/media?parent=2"}],"curies":[{"name":"wp","href":"https:\/\/api.w.org\/{rel}","templated":true}]}}